{"id":59,"date":"2014-09-11T15:44:57","date_gmt":"2014-09-11T14:44:57","guid":{"rendered":"https:\/\/tentech.groepprojecten.nl\/?page_id=59"},"modified":"2019-06-10T20:47:32","modified_gmt":"2019-06-10T19:47:32","slug":"textiele-architectuur","status":"publish","type":"page","link":"https:\/\/tentech.nl\/fr\/projets-architecture-textile\/","title":{"rendered":"Architecture textile"},"content":{"rendered":"<p><strong>La toiture d&rsquo;un atrium, des auvents, des stades&#8230; Tentech fait partie de l&rsquo;\u00e9quipe de construction lorsque des textiles et des formes g\u00e9om\u00e9triques complexes sont appliqu\u00e9s dans une architecture nouvelle ou existante. Il s&rsquo;agit souvent d&rsquo;une sous-conception, dans laquelle nous travaillons avec l&rsquo;architecte, l&rsquo;entrepreneur et le client pour arriver \u00e0 une solution optimale.<\/strong><\/p>\n<h3>Le projet\u2026<\/h3>\n<p>Dans nos projets, la qualit\u00e9 sculpturale est au centre de nos pr\u00e9occupations, en combinaison avec la puret\u00e9 des d\u00e9tails. Mais dans le processus de conception, nous tenons bien s\u00fbr \u00e9galement compte des exigences de l&#8217;emplacement et de l&rsquo;utilisation de la construction. Il en r\u00e9sulte des concepts architecturaux forts dans lesquels l&rsquo;esth\u00e9tique va de pair avec la s\u00e9curit\u00e9 d&rsquo;utilisation.<\/p>\n<h3>\u2026et plus<\/h3>\n<p>Notre travail ne s&rsquo;arr\u00eate pas \u00e0 la r\u00e9alisation de la conception technique. Notre attention se concentre sur tous les aspects du processus de conception et de production qui influencent l&rsquo;architecture textile. Pour ce faire, nous participons \u00e0 toutes les phases du processus de conception : de la d\u00e9finition du projet \u00e0 la conception structurelle, en passant par la conception pr\u00e9liminaire, la conception technique, la tarification, la conception d&rsquo;ex\u00e9cution et le suivi. La supervision de la production, la traduction de la conception en sch\u00e9mas de coupe et connexions sur mesure, l&rsquo;aide \u00e0 trouver et \u00e0 s\u00e9lectionner les bons acteurs du march\u00e9, en font \u00e9galement partie. Dans notre optique, il s&rsquo;agit d&rsquo;un \u00a0\u00bb artisanat moderne \u00ab\u00a0.<\/p>\n<h3>Services fournis:<\/h3>\n<p>\u2022\tConception architecturale<br \/>\n\u2022\tConception structurelle<br \/>\n\u2022\tIng\u00e9nierie<br \/>\n\u2022\tEx\u00e9cution des plans architectoniques<br \/>\n\u2022\tGestion de projet<br \/>\n\u2022\tCoordination de projet<br \/>\n\u2022\tRecherche et d\u00e9veloppement<br \/>\n<\/p>","protected":false},"excerpt":{"rendered":"<p>La toiture d&rsquo;un atrium, des auvents, des stades&#8230; Tentech fait partie de l&rsquo;\u00e9quipe de construction lorsque des textiles &hellip; <a href=\"https:\/\/tentech.nl\/fr\/projets-architecture-textile\/\" class=\"more-link\">Continuer la lecture de <span class=\"screen-reader-text\">Architecture textile<\/span>  <span class=\"meta-nav\">&rarr;<\/span><\/a><\/p>\n","protected":false},"author":1,"featured_media":0,"parent":0,"menu_order":1,"comment_status":"closed","ping_status":"closed","template":"page-textiele-architectuur.php","meta":{"footnotes":""},"class_list":["post-59","page","type-page","status-publish","hentry"],"yoast_head":"<!-- This site is optimized with the Yoast SEO plugin v27.3 - https:\/\/yoast.com\/product\/yoast-seo-wordpress\/ -->\n<title>Ontwerp- en adviesbureau voor textiele architectuur | Tentech<\/title>\n<meta name=\"description\" content=\"Tentech maakt deel uit van het bouwteam wanneer textiel en complexe geometrische vormen worden toegepast in nieuwe of bestaande architectuur. Lees meer.\" \/>\n<meta name=\"robots\" content=\"index, follow, max-snippet:-1, max-image-preview:large, max-video-preview:-1\" \/>\n<link rel=\"canonical\" href=\"https:\/\/tentech.nl\/textiele-architectuur-projecten\/\" \/>\n<meta property=\"og:locale\" content=\"fr_FR\" \/>\n<meta property=\"og:type\" content=\"article\" \/>\n<meta property=\"og:title\" content=\"Ontwerp- en adviesbureau voor textiele architectuur | Tentech\" \/>\n<meta property=\"og:description\" content=\"Tentech maakt deel uit van het bouwteam wanneer textiel en complexe geometrische vormen worden toegepast in nieuwe of bestaande architectuur. Lees meer.\" \/>\n<meta property=\"og:url\" content=\"https:\/\/tentech.nl\/textiele-architectuur-projecten\/\" \/>\n<meta property=\"og:site_name\" content=\"Tentech\" \/>\n<meta property=\"article:modified_time\" content=\"2019-06-10T19:47:32+00:00\" \/>\n<meta name=\"twitter:card\" content=\"summary_large_image\" \/>\n<meta name=\"twitter:label1\" content=\"Dur\u00e9e de lecture estim\u00e9e\" \/>\n\t<meta name=\"twitter:data1\" content=\"3 minutes\" \/>\n<script type=\"application\/ld+json\" class=\"yoast-schema-graph\">{\"@context\":\"https:\\\/\\\/schema.org\",\"@graph\":[{\"@type\":\"WebPage\",\"@id\":\"https:\\\/\\\/tentech.nl\\\/textiele-architectuur-projecten\\\/\",\"url\":\"https:\\\/\\\/tentech.nl\\\/textiele-architectuur-projecten\\\/\",\"name\":\"Ontwerp- en adviesbureau voor textiele architectuur | Tentech\",\"isPartOf\":{\"@id\":\"https:\\\/\\\/tentech.nl\\\/#website\"},\"datePublished\":\"2014-09-11T14:44:57+00:00\",\"dateModified\":\"2019-06-10T19:47:32+00:00\",\"description\":\"Tentech maakt deel uit van het bouwteam wanneer textiel en complexe geometrische vormen worden toegepast in nieuwe of bestaande architectuur. Lees meer.\",\"breadcrumb\":{\"@id\":\"https:\\\/\\\/tentech.nl\\\/textiele-architectuur-projecten\\\/#breadcrumb\"},\"inLanguage\":\"fr-FR\",\"potentialAction\":[{\"@type\":\"ReadAction\",\"target\":[\"https:\\\/\\\/tentech.nl\\\/textiele-architectuur-projecten\\\/\"]}]},{\"@type\":\"BreadcrumbList\",\"@id\":\"https:\\\/\\\/tentech.nl\\\/textiele-architectuur-projecten\\\/#breadcrumb\",\"itemListElement\":[{\"@type\":\"ListItem\",\"position\":1,\"name\":\"Home\",\"item\":\"https:\\\/\\\/tentech.nl\\\/\"},{\"@type\":\"ListItem\",\"position\":2,\"name\":\"Textiele architectuur projecten\"}]},{\"@type\":\"WebSite\",\"@id\":\"https:\\\/\\\/tentech.nl\\\/#website\",\"url\":\"https:\\\/\\\/tentech.nl\\\/\",\"name\":\"Tentech\",\"description\":\"ontwerp- en adviesbureau voor lichtgewicht bouwen\",\"publisher\":{\"@id\":\"https:\\\/\\\/tentech.nl\\\/#organization\"},\"potentialAction\":[{\"@type\":\"SearchAction\",\"target\":{\"@type\":\"EntryPoint\",\"urlTemplate\":\"https:\\\/\\\/tentech.nl\\\/?s={search_term_string}\"},\"query-input\":{\"@type\":\"PropertyValueSpecification\",\"valueRequired\":true,\"valueName\":\"search_term_string\"}}],\"inLanguage\":\"fr-FR\"},{\"@type\":\"Organization\",\"@id\":\"https:\\\/\\\/tentech.nl\\\/#organization\",\"name\":\"Tentech B.V.\",\"url\":\"https:\\\/\\\/tentech.nl\\\/\",\"logo\":{\"@type\":\"ImageObject\",\"inLanguage\":\"fr-FR\",\"@id\":\"https:\\\/\\\/tentech.nl\\\/#\\\/schema\\\/logo\\\/image\\\/\",\"url\":\"https:\\\/\\\/tentech.nl\\\/wp-content\\\/uploads\\\/2019\\\/02\\\/Tentech-Utrecht-Design-and-Engineering-Lightweight-Structures.png\",\"contentUrl\":\"https:\\\/\\\/tentech.nl\\\/wp-content\\\/uploads\\\/2019\\\/02\\\/Tentech-Utrecht-Design-and-Engineering-Lightweight-Structures.png\",\"width\":415,\"height\":101,\"caption\":\"Tentech B.V.\"},\"image\":{\"@id\":\"https:\\\/\\\/tentech.nl\\\/#\\\/schema\\\/logo\\\/image\\\/\"}}]}<\/script>\n<!-- \/ Yoast SEO plugin. -->","yoast_head_json":{"title":"Ontwerp- en adviesbureau voor textiele architectuur | Tentech","description":"Tentech maakt deel uit van het bouwteam wanneer textiel en complexe geometrische vormen worden toegepast in nieuwe of bestaande architectuur. Lees meer.","robots":{"index":"index","follow":"follow","max-snippet":"max-snippet:-1","max-image-preview":"max-image-preview:large","max-video-preview":"max-video-preview:-1"},"canonical":"https:\/\/tentech.nl\/textiele-architectuur-projecten\/","og_locale":"fr_FR","og_type":"article","og_title":"Ontwerp- en adviesbureau voor textiele architectuur | Tentech","og_description":"Tentech maakt deel uit van het bouwteam wanneer textiel en complexe geometrische vormen worden toegepast in nieuwe of bestaande architectuur. Lees meer.","og_url":"https:\/\/tentech.nl\/textiele-architectuur-projecten\/","og_site_name":"Tentech","article_modified_time":"2019-06-10T19:47:32+00:00","twitter_card":"summary_large_image","twitter_misc":{"Dur\u00e9e de lecture estim\u00e9e":"3 minutes"},"schema":{"@context":"https:\/\/schema.org","@graph":[{"@type":"WebPage","@id":"https:\/\/tentech.nl\/textiele-architectuur-projecten\/","url":"https:\/\/tentech.nl\/textiele-architectuur-projecten\/","name":"Ontwerp- en adviesbureau voor textiele architectuur | Tentech","isPartOf":{"@id":"https:\/\/tentech.nl\/#website"},"datePublished":"2014-09-11T14:44:57+00:00","dateModified":"2019-06-10T19:47:32+00:00","description":"Tentech maakt deel uit van het bouwteam wanneer textiel en complexe geometrische vormen worden toegepast in nieuwe of bestaande architectuur. Lees meer.","breadcrumb":{"@id":"https:\/\/tentech.nl\/textiele-architectuur-projecten\/#breadcrumb"},"inLanguage":"fr-FR","potentialAction":[{"@type":"ReadAction","target":["https:\/\/tentech.nl\/textiele-architectuur-projecten\/"]}]},{"@type":"BreadcrumbList","@id":"https:\/\/tentech.nl\/textiele-architectuur-projecten\/#breadcrumb","itemListElement":[{"@type":"ListItem","position":1,"name":"Home","item":"https:\/\/tentech.nl\/"},{"@type":"ListItem","position":2,"name":"Textiele architectuur projecten"}]},{"@type":"WebSite","@id":"https:\/\/tentech.nl\/#website","url":"https:\/\/tentech.nl\/","name":"Tentech","description":"ontwerp- en adviesbureau voor lichtgewicht bouwen","publisher":{"@id":"https:\/\/tentech.nl\/#organization"},"potentialAction":[{"@type":"SearchAction","target":{"@type":"EntryPoint","urlTemplate":"https:\/\/tentech.nl\/?s={search_term_string}"},"query-input":{"@type":"PropertyValueSpecification","valueRequired":true,"valueName":"search_term_string"}}],"inLanguage":"fr-FR"},{"@type":"Organization","@id":"https:\/\/tentech.nl\/#organization","name":"Tentech B.V.","url":"https:\/\/tentech.nl\/","logo":{"@type":"ImageObject","inLanguage":"fr-FR","@id":"https:\/\/tentech.nl\/#\/schema\/logo\/image\/","url":"https:\/\/tentech.nl\/wp-content\/uploads\/2019\/02\/Tentech-Utrecht-Design-and-Engineering-Lightweight-Structures.png","contentUrl":"https:\/\/tentech.nl\/wp-content\/uploads\/2019\/02\/Tentech-Utrecht-Design-and-Engineering-Lightweight-Structures.png","width":415,"height":101,"caption":"Tentech B.V."},"image":{"@id":"https:\/\/tentech.nl\/#\/schema\/logo\/image\/"}}]}},"_links":{"self":[{"href":"https:\/\/tentech.nl\/fr\/wp-json\/wp\/v2\/pages\/59","targetHints":{"allow":["GET"]}}],"collection":[{"href":"https:\/\/tentech.nl\/fr\/wp-json\/wp\/v2\/pages"}],"about":[{"href":"https:\/\/tentech.nl\/fr\/wp-json\/wp\/v2\/types\/page"}],"author":[{"embeddable":true,"href":"https:\/\/tentech.nl\/fr\/wp-json\/wp\/v2\/users\/1"}],"replies":[{"embeddable":true,"href":"https:\/\/tentech.nl\/fr\/wp-json\/wp\/v2\/comments?post=59"}],"version-history":[{"count":10,"href":"https:\/\/tentech.nl\/fr\/wp-json\/wp\/v2\/pages\/59\/revisions"}],"predecessor-version":[{"id":1528,"href":"https:\/\/tentech.nl\/fr\/wp-json\/wp\/v2\/pages\/59\/revisions\/1528"}],"wp:attachment":[{"href":"https:\/\/tentech.nl\/fr\/wp-json\/wp\/v2\/media?parent=59"}],"curies":[{"name":"wp","href":"https:\/\/api.w.org\/{rel}","templated":true}]}}