{"id":61,"date":"2014-09-11T15:45:20","date_gmt":"2014-09-11T14:45:20","guid":{"rendered":"https:\/\/tentech.groepprojecten.nl\/?page_id=61"},"modified":"2019-06-27T15:44:58","modified_gmt":"2019-06-27T14:44:58","slug":"festivals-en-evenementen-projecten","status":"publish","type":"page","link":"https:\/\/tentech.nl\/fr\/projets-festivals-et-evenements\/","title":{"rendered":"Projets : festivals et \u00e9v\u00e8nements"},"content":{"rendered":"<p><strong>Qu&rsquo;il s&rsquo;agisse d&rsquo;\u00e9v\u00e9nements de danse, de lancements de produits, de Floriade ou de Volvo Ocean Race, les pavillons d\u00e9montables, les tentes et les abris temporaires con\u00e7us par Tentech se retrouvent partout dans le monde. Nous aspirons \u00e0 une conception int\u00e9gr\u00e9e des \u00e9l\u00e9ments de construction et de structure, o\u00f9 le caract\u00e8re d\u00e9montable va de pair avec la qualit\u00e9 esth\u00e9tique.<\/strong><\/p>\n<h3>Assistance mondiale<\/h3>\n<p>Les constructions itin\u00e9rantes doivent pouvoir \u00eatre utilis\u00e9es en toute s\u00e9curit\u00e9 dans diverses conditions. Nous nous assurons que notre client peut construire les tentes et pavillons amovibles partout dans le monde. Pour ce faire, nous nous appuyons sur notre connaissance des normes internationales et, si vous le souhaitez, nous assistons nos clients dans leurs contacts avec les autorit\u00e9s locales.<\/p>\n<h3>Syst\u00e8mes de construction modulaires<\/h3>\n<p>L&rsquo;ossature structurelle et la m\u00e9thode de construction correcte et s\u00fbre des structures d\u00e9montables sont consign\u00e9es dans un livre de construction ou de tentes. Nous nous effor\u00e7ons toujours d&rsquo;atteindre un niveau de s\u00e9curit\u00e9 bas\u00e9 sur les normes en vigueur, mais nous formulons \u00e9galement des restrictions d&rsquo;utilisation si les structures s&rsquo;av\u00e8rent inad\u00e9quates. Nous d\u00e9terminons \u00e9galement les mesures de s\u00e9curit\u00e9 \u00e0 prendre.<\/p>\n<h3>V\u00e9rification T\u00dcV<\/h3>\n<p>Tentech a de bons contacts avec plusieurs agences T\u00dcV en Allemagne. Conseiller et guider les clients tout au long du processus d&rsquo;inspection fait \u00e9galement partie de nos services.<\/p>\n<h3>Livres de tente<\/h3>\n<p>Pour le march\u00e9 n\u00e9erlandais, Tentech se concentre sur la production de livres de tentes, \u00e9galement connus sous le nom de livres de construction ou Baubuch. Le livre de tente contient toutes les informations sur la construction d&rsquo;une tente qui sont n\u00e9cessaires pour que les autorit\u00e9s municipales puissent d\u00e9livrer un permis et aider \u00e0 mettre en \u0153uvre le plan de s\u00e9curit\u00e9. Le Livre de tente est conforme aux Eurocodes actuels et peut combler l&rsquo;\u00e9cart entre les livres de tentes allemands, anglais ou fran\u00e7ais existants (ou \u00e9coul\u00e9s) et le souhait des autorit\u00e9s municipales n\u00e9erlandaises.<br \/>\n<\/p>","protected":false},"excerpt":{"rendered":"<p>Qu&rsquo;il s&rsquo;agisse d&rsquo;\u00e9v\u00e9nements de danse, de lancements de produits, de Floriade ou de Volvo Ocean Race, les pavillons &hellip; <a href=\"https:\/\/tentech.nl\/fr\/projets-festivals-et-evenements\/\" class=\"more-link\">Continuer la lecture de <span class=\"screen-reader-text\">Projets : festivals et \u00e9v\u00e8nements<\/span>  <span class=\"meta-nav\">&rarr;<\/span><\/a><\/p>\n","protected":false},"author":1,"featured_media":0,"parent":0,"menu_order":1,"comment_status":"closed","ping_status":"closed","template":"page-festivals-en-evenementen.php","meta":{"footnotes":""},"class_list":["post-61","page","type-page","status-publish","hentry"],"yoast_head":"<!-- This site is optimized with the Yoast SEO plugin v27.3 - https:\/\/yoast.com\/product\/yoast-seo-wordpress\/ -->\n<title>Ontwerp- en adviesbureau voor Festivals en Evenementen | Tentech<\/title>\n<meta name=\"description\" content=\"Tentech ontwerpt tijdelijke of demontabele constructies voor festivals en evenementen. Behalve esthetiek staat veiligheid centraal. Lees meer over Tentech.\" \/>\n<meta name=\"robots\" content=\"index, follow, max-snippet:-1, max-image-preview:large, max-video-preview:-1\" \/>\n<link rel=\"canonical\" href=\"https:\/\/tentech.nl\/festivals-en-evenementen-projecten\/\" \/>\n<meta property=\"og:locale\" content=\"fr_FR\" \/>\n<meta property=\"og:type\" content=\"article\" \/>\n<meta property=\"og:title\" content=\"Ontwerp- en adviesbureau voor Festivals en Evenementen | Tentech\" \/>\n<meta property=\"og:description\" content=\"Tentech ontwerpt tijdelijke of demontabele constructies voor festivals en evenementen. Behalve esthetiek staat veiligheid centraal. Lees meer over Tentech.\" \/>\n<meta property=\"og:url\" content=\"https:\/\/tentech.nl\/festivals-en-evenementen-projecten\/\" \/>\n<meta property=\"og:site_name\" content=\"Tentech\" \/>\n<meta property=\"article:modified_time\" content=\"2019-06-27T14:44:58+00:00\" \/>\n<meta name=\"twitter:card\" content=\"summary_large_image\" \/>\n<meta name=\"twitter:label1\" content=\"Dur\u00e9e de lecture estim\u00e9e\" \/>\n\t<meta name=\"twitter:data1\" content=\"4 minutes\" \/>\n<script type=\"application\/ld+json\" class=\"yoast-schema-graph\">{\"@context\":\"https:\\\/\\\/schema.org\",\"@graph\":[{\"@type\":\"WebPage\",\"@id\":\"https:\\\/\\\/tentech.nl\\\/festivals-en-evenementen-projecten\\\/\",\"url\":\"https:\\\/\\\/tentech.nl\\\/festivals-en-evenementen-projecten\\\/\",\"name\":\"Ontwerp- en adviesbureau voor Festivals en Evenementen | Tentech\",\"isPartOf\":{\"@id\":\"https:\\\/\\\/tentech.nl\\\/#website\"},\"datePublished\":\"2014-09-11T14:45:20+00:00\",\"dateModified\":\"2019-06-27T14:44:58+00:00\",\"description\":\"Tentech ontwerpt tijdelijke of demontabele constructies voor festivals en evenementen. Behalve esthetiek staat veiligheid centraal. Lees meer over Tentech.\",\"breadcrumb\":{\"@id\":\"https:\\\/\\\/tentech.nl\\\/festivals-en-evenementen-projecten\\\/#breadcrumb\"},\"inLanguage\":\"fr-FR\",\"potentialAction\":[{\"@type\":\"ReadAction\",\"target\":[\"https:\\\/\\\/tentech.nl\\\/festivals-en-evenementen-projecten\\\/\"]}]},{\"@type\":\"BreadcrumbList\",\"@id\":\"https:\\\/\\\/tentech.nl\\\/festivals-en-evenementen-projecten\\\/#breadcrumb\",\"itemListElement\":[{\"@type\":\"ListItem\",\"position\":1,\"name\":\"Home\",\"item\":\"https:\\\/\\\/tentech.nl\\\/\"},{\"@type\":\"ListItem\",\"position\":2,\"name\":\"Festivals en evenementen projecten\"}]},{\"@type\":\"WebSite\",\"@id\":\"https:\\\/\\\/tentech.nl\\\/#website\",\"url\":\"https:\\\/\\\/tentech.nl\\\/\",\"name\":\"Tentech\",\"description\":\"ontwerp- en adviesbureau voor lichtgewicht bouwen\",\"publisher\":{\"@id\":\"https:\\\/\\\/tentech.nl\\\/#organization\"},\"potentialAction\":[{\"@type\":\"SearchAction\",\"target\":{\"@type\":\"EntryPoint\",\"urlTemplate\":\"https:\\\/\\\/tentech.nl\\\/?s={search_term_string}\"},\"query-input\":{\"@type\":\"PropertyValueSpecification\",\"valueRequired\":true,\"valueName\":\"search_term_string\"}}],\"inLanguage\":\"fr-FR\"},{\"@type\":\"Organization\",\"@id\":\"https:\\\/\\\/tentech.nl\\\/#organization\",\"name\":\"Tentech B.V.\",\"url\":\"https:\\\/\\\/tentech.nl\\\/\",\"logo\":{\"@type\":\"ImageObject\",\"inLanguage\":\"fr-FR\",\"@id\":\"https:\\\/\\\/tentech.nl\\\/#\\\/schema\\\/logo\\\/image\\\/\",\"url\":\"https:\\\/\\\/tentech.nl\\\/wp-content\\\/uploads\\\/2019\\\/02\\\/Tentech-Utrecht-Design-and-Engineering-Lightweight-Structures.png\",\"contentUrl\":\"https:\\\/\\\/tentech.nl\\\/wp-content\\\/uploads\\\/2019\\\/02\\\/Tentech-Utrecht-Design-and-Engineering-Lightweight-Structures.png\",\"width\":415,\"height\":101,\"caption\":\"Tentech B.V.\"},\"image\":{\"@id\":\"https:\\\/\\\/tentech.nl\\\/#\\\/schema\\\/logo\\\/image\\\/\"}}]}<\/script>\n<!-- \/ Yoast SEO plugin. -->","yoast_head_json":{"title":"Ontwerp- en adviesbureau voor Festivals en Evenementen | Tentech","description":"Tentech ontwerpt tijdelijke of demontabele constructies voor festivals en evenementen. Behalve esthetiek staat veiligheid centraal. Lees meer over Tentech.","robots":{"index":"index","follow":"follow","max-snippet":"max-snippet:-1","max-image-preview":"max-image-preview:large","max-video-preview":"max-video-preview:-1"},"canonical":"https:\/\/tentech.nl\/festivals-en-evenementen-projecten\/","og_locale":"fr_FR","og_type":"article","og_title":"Ontwerp- en adviesbureau voor Festivals en Evenementen | Tentech","og_description":"Tentech ontwerpt tijdelijke of demontabele constructies voor festivals en evenementen. Behalve esthetiek staat veiligheid centraal. Lees meer over Tentech.","og_url":"https:\/\/tentech.nl\/festivals-en-evenementen-projecten\/","og_site_name":"Tentech","article_modified_time":"2019-06-27T14:44:58+00:00","twitter_card":"summary_large_image","twitter_misc":{"Dur\u00e9e de lecture estim\u00e9e":"4 minutes"},"schema":{"@context":"https:\/\/schema.org","@graph":[{"@type":"WebPage","@id":"https:\/\/tentech.nl\/festivals-en-evenementen-projecten\/","url":"https:\/\/tentech.nl\/festivals-en-evenementen-projecten\/","name":"Ontwerp- en adviesbureau voor Festivals en Evenementen | Tentech","isPartOf":{"@id":"https:\/\/tentech.nl\/#website"},"datePublished":"2014-09-11T14:45:20+00:00","dateModified":"2019-06-27T14:44:58+00:00","description":"Tentech ontwerpt tijdelijke of demontabele constructies voor festivals en evenementen. Behalve esthetiek staat veiligheid centraal. Lees meer over Tentech.","breadcrumb":{"@id":"https:\/\/tentech.nl\/festivals-en-evenementen-projecten\/#breadcrumb"},"inLanguage":"fr-FR","potentialAction":[{"@type":"ReadAction","target":["https:\/\/tentech.nl\/festivals-en-evenementen-projecten\/"]}]},{"@type":"BreadcrumbList","@id":"https:\/\/tentech.nl\/festivals-en-evenementen-projecten\/#breadcrumb","itemListElement":[{"@type":"ListItem","position":1,"name":"Home","item":"https:\/\/tentech.nl\/"},{"@type":"ListItem","position":2,"name":"Festivals en evenementen projecten"}]},{"@type":"WebSite","@id":"https:\/\/tentech.nl\/#website","url":"https:\/\/tentech.nl\/","name":"Tentech","description":"ontwerp- en adviesbureau voor lichtgewicht bouwen","publisher":{"@id":"https:\/\/tentech.nl\/#organization"},"potentialAction":[{"@type":"SearchAction","target":{"@type":"EntryPoint","urlTemplate":"https:\/\/tentech.nl\/?s={search_term_string}"},"query-input":{"@type":"PropertyValueSpecification","valueRequired":true,"valueName":"search_term_string"}}],"inLanguage":"fr-FR"},{"@type":"Organization","@id":"https:\/\/tentech.nl\/#organization","name":"Tentech B.V.","url":"https:\/\/tentech.nl\/","logo":{"@type":"ImageObject","inLanguage":"fr-FR","@id":"https:\/\/tentech.nl\/#\/schema\/logo\/image\/","url":"https:\/\/tentech.nl\/wp-content\/uploads\/2019\/02\/Tentech-Utrecht-Design-and-Engineering-Lightweight-Structures.png","contentUrl":"https:\/\/tentech.nl\/wp-content\/uploads\/2019\/02\/Tentech-Utrecht-Design-and-Engineering-Lightweight-Structures.png","width":415,"height":101,"caption":"Tentech B.V."},"image":{"@id":"https:\/\/tentech.nl\/#\/schema\/logo\/image\/"}}]}},"_links":{"self":[{"href":"https:\/\/tentech.nl\/fr\/wp-json\/wp\/v2\/pages\/61","targetHints":{"allow":["GET"]}}],"collection":[{"href":"https:\/\/tentech.nl\/fr\/wp-json\/wp\/v2\/pages"}],"about":[{"href":"https:\/\/tentech.nl\/fr\/wp-json\/wp\/v2\/types\/page"}],"author":[{"embeddable":true,"href":"https:\/\/tentech.nl\/fr\/wp-json\/wp\/v2\/users\/1"}],"replies":[{"embeddable":true,"href":"https:\/\/tentech.nl\/fr\/wp-json\/wp\/v2\/comments?post=61"}],"version-history":[{"count":10,"href":"https:\/\/tentech.nl\/fr\/wp-json\/wp\/v2\/pages\/61\/revisions"}],"predecessor-version":[{"id":1591,"href":"https:\/\/tentech.nl\/fr\/wp-json\/wp\/v2\/pages\/61\/revisions\/1591"}],"wp:attachment":[{"href":"https:\/\/tentech.nl\/fr\/wp-json\/wp\/v2\/media?parent=61"}],"curies":[{"name":"wp","href":"https:\/\/api.w.org\/{rel}","templated":true}]}}