{"id":63,"date":"2014-09-11T15:45:36","date_gmt":"2014-09-11T14:45:36","guid":{"rendered":"https:\/\/tentech.groepprojecten.nl\/?page_id=63"},"modified":"2019-06-06T10:19:32","modified_gmt":"2019-06-06T09:19:32","slug":"industriele-toepassingen-projecten","status":"publish","type":"page","link":"https:\/\/tentech.nl\/fr\/projets-applications-industrielles\/","title":{"rendered":"Projets : Applications industrielles"},"content":{"rendered":"<p><strong>Les textiles sont utilis\u00e9s dans de nombreux produits. Mais est-ce fait de fa\u00e7on optimale ? Des am\u00e9liorations sont-elles possibles dans le processus de production ou dans le produit lui-m\u00eame ? En plus des constructions architecturales, Tentech met \u00e9galement en \u0153uvre toute sa connaissance des constructions membranaires dans les applications industrielles.<\/strong><\/p>\n<h3>Du processus de production au produit fini<\/h3>\n<p>Tentech met \u00e0 profit ses connaissances et son exp\u00e9rience dans le domaine des constructions membranaires, de la s\u00e9curit\u00e9 structurelle et des syst\u00e8mes de construction modulaires au sens large. En collaboration avec des clients industriels, nous d\u00e9veloppons de nouveaux produits, optimisons les processus commerciaux et am\u00e9liorons les produits. Cela se traduit, par exemple, par une r\u00e9duction du nombre d&rsquo;op\u00e9rations dans le processus de production ou une r\u00e9duction du poids du produit final.<\/p>\n<h3>Vaste domaine<\/h3>\n<p>Des installations de biogaz aux poussettes, des auvents de terrasse aux abris de quai. La sp\u00e9cialit\u00e9 de Tentech est mise en valeur lors d&rsquo;une \u00e9troite collaboration avec ses clients. Parce que nous combinons une connaissance approfondie des mat\u00e9riaux et des processus de production avec une compr\u00e9hension approfondie de la m\u00e9canique de la membrane, la combinaison des connaissances de diverses disciplines conduit \u00e0 des innovations surprenantes.<\/p>\n<h3>Services fournis:<\/h3>\n<p>\u2022\tD\u00e9veloppement de produit, mise en forme et innovation<br \/>\n\u2022\tMod\u00e9lisation et analyse de g\u00e9om\u00e9tries complexes<br \/>\n\u2022\tJustification constructive<br \/>\n\u2022\tGestion de projet et automatisation<br \/>\n\u2022\tDessins de production<br \/>\n\u2022\tV\u00e9rification<br \/>\n<\/p>","protected":false},"excerpt":{"rendered":"<p>Les textiles sont utilis\u00e9s dans de nombreux produits. Mais est-ce fait de fa\u00e7on optimale ? Des am\u00e9liorations sont-elles &hellip; <a href=\"https:\/\/tentech.nl\/fr\/projets-applications-industrielles\/\" class=\"more-link\">Continuer la lecture de <span class=\"screen-reader-text\">Projets : Applications industrielles<\/span>  <span class=\"meta-nav\">&rarr;<\/span><\/a><\/p>\n","protected":false},"author":1,"featured_media":0,"parent":0,"menu_order":1,"comment_status":"closed","ping_status":"closed","template":"page-industriele-toepassingen.php","meta":{"footnotes":""},"class_list":["post-63","page","type-page","status-publish","hentry"],"yoast_head":"<!-- This site is optimized with the Yoast SEO plugin v27.3 - https:\/\/yoast.com\/product\/yoast-seo-wordpress\/ -->\n<title>(EN) Textile design for industrial applications by Tentech, The Netherlands<\/title>\n<meta name=\"description\" content=\"(EN) Tentech is specialised in textile design for industrial applications. From manufacturing process to final product. Visit this page for our projects.\" \/>\n<meta name=\"robots\" content=\"index, follow, max-snippet:-1, max-image-preview:large, max-video-preview:-1\" \/>\n<link rel=\"canonical\" href=\"https:\/\/tentech.nl\/fr\/projets-applications-industrielles\/\" \/>\n<meta property=\"og:locale\" content=\"fr_FR\" \/>\n<meta property=\"og:type\" content=\"article\" \/>\n<meta property=\"og:title\" content=\"(EN) Textile design for industrial applications by Tentech, The Netherlands\" \/>\n<meta property=\"og:description\" content=\"(EN) Tentech is specialised in textile design for industrial applications. From manufacturing process to final product. Visit this page for our projects.\" \/>\n<meta property=\"og:url\" content=\"https:\/\/tentech.nl\/fr\/projets-applications-industrielles\/\" \/>\n<meta property=\"og:site_name\" content=\"Tentech\" \/>\n<meta property=\"article:modified_time\" content=\"2019-06-06T09:19:32+00:00\" \/>\n<meta name=\"twitter:card\" content=\"summary_large_image\" \/>\n<meta name=\"twitter:label1\" content=\"Dur\u00e9e de lecture estim\u00e9e\" \/>\n\t<meta name=\"twitter:data1\" content=\"3 minutes\" \/>\n<script type=\"application\/ld+json\" class=\"yoast-schema-graph\">{\"@context\":\"https:\\\/\\\/schema.org\",\"@graph\":[{\"@type\":\"WebPage\",\"@id\":\"https:\\\/\\\/tentech.nl\\\/fr\\\/projets-applications-industrielles\\\/\",\"url\":\"https:\\\/\\\/tentech.nl\\\/fr\\\/projets-applications-industrielles\\\/\",\"name\":\"(EN) Textile design for industrial applications by Tentech, The Netherlands\",\"isPartOf\":{\"@id\":\"https:\\\/\\\/tentech.nl\\\/#website\"},\"datePublished\":\"2014-09-11T14:45:36+00:00\",\"dateModified\":\"2019-06-06T09:19:32+00:00\",\"description\":\"(EN) Tentech is specialised in textile design for industrial applications. From manufacturing process to final product. Visit this page for our projects.\",\"breadcrumb\":{\"@id\":\"https:\\\/\\\/tentech.nl\\\/fr\\\/projets-applications-industrielles\\\/#breadcrumb\"},\"inLanguage\":\"fr-FR\",\"potentialAction\":[{\"@type\":\"ReadAction\",\"target\":[\"https:\\\/\\\/tentech.nl\\\/fr\\\/projets-applications-industrielles\\\/\"]}]},{\"@type\":\"BreadcrumbList\",\"@id\":\"https:\\\/\\\/tentech.nl\\\/fr\\\/projets-applications-industrielles\\\/#breadcrumb\",\"itemListElement\":[{\"@type\":\"ListItem\",\"position\":1,\"name\":\"Home\",\"item\":\"https:\\\/\\\/tentech.nl\\\/\"},{\"@type\":\"ListItem\",\"position\":2,\"name\":\"Projets : Applications industrielles\"}]},{\"@type\":\"WebSite\",\"@id\":\"https:\\\/\\\/tentech.nl\\\/#website\",\"url\":\"https:\\\/\\\/tentech.nl\\\/\",\"name\":\"Tentech\",\"description\":\"ontwerp- en adviesbureau voor lichtgewicht bouwen\",\"publisher\":{\"@id\":\"https:\\\/\\\/tentech.nl\\\/#organization\"},\"potentialAction\":[{\"@type\":\"SearchAction\",\"target\":{\"@type\":\"EntryPoint\",\"urlTemplate\":\"https:\\\/\\\/tentech.nl\\\/?s={search_term_string}\"},\"query-input\":{\"@type\":\"PropertyValueSpecification\",\"valueRequired\":true,\"valueName\":\"search_term_string\"}}],\"inLanguage\":\"fr-FR\"},{\"@type\":\"Organization\",\"@id\":\"https:\\\/\\\/tentech.nl\\\/#organization\",\"name\":\"Tentech B.V.\",\"url\":\"https:\\\/\\\/tentech.nl\\\/\",\"logo\":{\"@type\":\"ImageObject\",\"inLanguage\":\"fr-FR\",\"@id\":\"https:\\\/\\\/tentech.nl\\\/#\\\/schema\\\/logo\\\/image\\\/\",\"url\":\"https:\\\/\\\/tentech.nl\\\/wp-content\\\/uploads\\\/2019\\\/02\\\/Tentech-Utrecht-Design-and-Engineering-Lightweight-Structures.png\",\"contentUrl\":\"https:\\\/\\\/tentech.nl\\\/wp-content\\\/uploads\\\/2019\\\/02\\\/Tentech-Utrecht-Design-and-Engineering-Lightweight-Structures.png\",\"width\":415,\"height\":101,\"caption\":\"Tentech B.V.\"},\"image\":{\"@id\":\"https:\\\/\\\/tentech.nl\\\/#\\\/schema\\\/logo\\\/image\\\/\"}}]}<\/script>\n<!-- \/ Yoast SEO plugin. -->","yoast_head_json":{"title":"(EN) Textile design for industrial applications by Tentech, The Netherlands","description":"(EN) Tentech is specialised in textile design for industrial applications. From manufacturing process to final product. Visit this page for our projects.","robots":{"index":"index","follow":"follow","max-snippet":"max-snippet:-1","max-image-preview":"max-image-preview:large","max-video-preview":"max-video-preview:-1"},"canonical":"https:\/\/tentech.nl\/fr\/projets-applications-industrielles\/","og_locale":"fr_FR","og_type":"article","og_title":"(EN) Textile design for industrial applications by Tentech, The Netherlands","og_description":"(EN) Tentech is specialised in textile design for industrial applications. From manufacturing process to final product. Visit this page for our projects.","og_url":"https:\/\/tentech.nl\/fr\/projets-applications-industrielles\/","og_site_name":"Tentech","article_modified_time":"2019-06-06T09:19:32+00:00","twitter_card":"summary_large_image","twitter_misc":{"Dur\u00e9e de lecture estim\u00e9e":"3 minutes"},"schema":{"@context":"https:\/\/schema.org","@graph":[{"@type":"WebPage","@id":"https:\/\/tentech.nl\/fr\/projets-applications-industrielles\/","url":"https:\/\/tentech.nl\/fr\/projets-applications-industrielles\/","name":"(EN) Textile design for industrial applications by Tentech, The Netherlands","isPartOf":{"@id":"https:\/\/tentech.nl\/#website"},"datePublished":"2014-09-11T14:45:36+00:00","dateModified":"2019-06-06T09:19:32+00:00","description":"(EN) Tentech is specialised in textile design for industrial applications. From manufacturing process to final product. Visit this page for our projects.","breadcrumb":{"@id":"https:\/\/tentech.nl\/fr\/projets-applications-industrielles\/#breadcrumb"},"inLanguage":"fr-FR","potentialAction":[{"@type":"ReadAction","target":["https:\/\/tentech.nl\/fr\/projets-applications-industrielles\/"]}]},{"@type":"BreadcrumbList","@id":"https:\/\/tentech.nl\/fr\/projets-applications-industrielles\/#breadcrumb","itemListElement":[{"@type":"ListItem","position":1,"name":"Home","item":"https:\/\/tentech.nl\/"},{"@type":"ListItem","position":2,"name":"Projets : Applications industrielles"}]},{"@type":"WebSite","@id":"https:\/\/tentech.nl\/#website","url":"https:\/\/tentech.nl\/","name":"Tentech","description":"ontwerp- en adviesbureau voor lichtgewicht bouwen","publisher":{"@id":"https:\/\/tentech.nl\/#organization"},"potentialAction":[{"@type":"SearchAction","target":{"@type":"EntryPoint","urlTemplate":"https:\/\/tentech.nl\/?s={search_term_string}"},"query-input":{"@type":"PropertyValueSpecification","valueRequired":true,"valueName":"search_term_string"}}],"inLanguage":"fr-FR"},{"@type":"Organization","@id":"https:\/\/tentech.nl\/#organization","name":"Tentech B.V.","url":"https:\/\/tentech.nl\/","logo":{"@type":"ImageObject","inLanguage":"fr-FR","@id":"https:\/\/tentech.nl\/#\/schema\/logo\/image\/","url":"https:\/\/tentech.nl\/wp-content\/uploads\/2019\/02\/Tentech-Utrecht-Design-and-Engineering-Lightweight-Structures.png","contentUrl":"https:\/\/tentech.nl\/wp-content\/uploads\/2019\/02\/Tentech-Utrecht-Design-and-Engineering-Lightweight-Structures.png","width":415,"height":101,"caption":"Tentech B.V."},"image":{"@id":"https:\/\/tentech.nl\/#\/schema\/logo\/image\/"}}]}},"_links":{"self":[{"href":"https:\/\/tentech.nl\/fr\/wp-json\/wp\/v2\/pages\/63","targetHints":{"allow":["GET"]}}],"collection":[{"href":"https:\/\/tentech.nl\/fr\/wp-json\/wp\/v2\/pages"}],"about":[{"href":"https:\/\/tentech.nl\/fr\/wp-json\/wp\/v2\/types\/page"}],"author":[{"embeddable":true,"href":"https:\/\/tentech.nl\/fr\/wp-json\/wp\/v2\/users\/1"}],"replies":[{"embeddable":true,"href":"https:\/\/tentech.nl\/fr\/wp-json\/wp\/v2\/comments?post=63"}],"version-history":[{"count":10,"href":"https:\/\/tentech.nl\/fr\/wp-json\/wp\/v2\/pages\/63\/revisions"}],"predecessor-version":[{"id":1529,"href":"https:\/\/tentech.nl\/fr\/wp-json\/wp\/v2\/pages\/63\/revisions\/1529"}],"wp:attachment":[{"href":"https:\/\/tentech.nl\/fr\/wp-json\/wp\/v2\/media?parent=63"}],"curies":[{"name":"wp","href":"https:\/\/api.w.org\/{rel}","templated":true}]}}